{"id":2,"date":"2025-02-04T16:25:40","date_gmt":"2025-02-04T15:25:40","guid":{"rendered":"http:\/\/bioresonanz-staufen.de\/wordpress\/?page_id=2"},"modified":"2025-07-07T23:02:44","modified_gmt":"2025-07-07T21:02:44","slug":"bioresonanz-staufen","status":"publish","type":"page","link":"https:\/\/bioresonanz-staufen.de\/","title":{"rendered":"Bioresonanz Staufen"},"content":{"rendered":"\n<div class=\"wp-block-cover alignwide\"><img loading=\"lazy\" decoding=\"async\" width=\"463\" height=\"225\" class=\"wp-block-cover__image-background wp-image-258 size-full\" alt=\"\" src=\"https:\/\/bioresonanz-staufen.de\/wordpress\/wp-content\/uploads\/2025\/05\/Albert-Einstein-olive.jpg\" style=\"object-position:26% 29%\" data-object-fit=\"cover\" data-object-position=\"26% 29%\" srcset=\"https:\/\/bioresonanz-staufen.de\/wp-content\/uploads\/2025\/05\/Albert-Einstein-olive.jpg 463w, https:\/\/bioresonanz-staufen.de\/wp-content\/uploads\/2025\/05\/Albert-Einstein-olive-300x146.jpg 300w\" sizes=\"auto, (max-width: 463px) 100vw, 463px\" \/><span aria-hidden=\"true\" class=\"wp-block-cover__background has-background-dim-0 has-background-dim\" style=\"background-color:#6f7854\"><\/span><div class=\"wp-block-cover__inner-container is-layout-constrained wp-block-cover-is-layout-constrained\">\n<div class=\"wp-block-columns is-layout-flex wp-container-core-columns-is-layout-9d6595d7 wp-block-columns-is-layout-flex\">\n<div class=\"wp-block-column is-layout-flow wp-block-column-is-layout-flow\" style=\"flex-basis:80%\">\n<p class=\"has-text-align-right has-white-color has-text-color has-link-color has-x-large-font-size wp-elements-615f754dd0b962ceae8f98acc64d77ca\">\u201eDie Medizin<br>der Zukunft wird<br>die Medizin<br>der Frequenzen<br>sein\u201c<\/p>\n<\/div>\n<\/div>\n\n\n\n<div class=\"wp-block-columns is-layout-flex wp-container-core-columns-is-layout-9d6595d7 wp-block-columns-is-layout-flex\">\n<div class=\"wp-block-column is-layout-flow wp-block-column-is-layout-flow\" style=\"flex-basis:80%\">\n<p class=\"has-text-align-right has-white-color has-text-color has-link-color has-medium-font-size wp-elements-05e25b7e976d57a4f70332da9f53a758\">Albert Einstein<\/p>\n<\/div>\n<\/div>\n<\/div><\/div>\n\n\n\n<div class=\"wp-block-columns alignwide is-layout-flex wp-container-core-columns-is-layout-9d6595d7 wp-block-columns-is-layout-flex\">\n<div class=\"wp-block-column is-layout-flow wp-block-column-is-layout-flow\" style=\"flex-basis:100%\">\n<p class=\"has-medium-font-size\">Mit der Bioresonanztherapie behandle ich gezielt u.a. Allergien, Heuschnupfen, Darmerkrankungen, Nahrungsmittelunvertr\u00e4glichkeiten und Ersch\u00f6pfungszust\u00e4nde. Ich unterst\u00fctze die Regeneration Ihres K\u00f6rpers, f\u00f6rdere Ihre Gesundheit und st\u00e4rke Ihr Wohlbefinden nachhaltig.<\/p>\n<\/div>\n<\/div>\n\n\n\n<div class=\"wp-block-columns alignwide is-layout-flex wp-container-core-columns-is-layout-9d6595d7 wp-block-columns-is-layout-flex\">\n<div class=\"wp-block-column is-layout-flow wp-block-column-is-layout-flow\" style=\"flex-basis:100%\">\n\t\t\t\t\t\t<style>\r\n\t\t\t\t<style>\r\n#wpsm_accordion_140 .wpsm_panel-heading{\r\n\tpadding:0px !important;\r\n}\r\n#wpsm_accordion_140 .wpsm_panel-title {\r\n\tmargin:0px !important; \r\n\ttext-transform:none !important;\r\n\tline-height: 1 !important;\r\n}\r\n#wpsm_accordion_140 .wpsm_panel-title a{\r\n\ttext-decoration:none;\r\n\toverflow:hidden;\r\n\tdisplay:block;\r\n\tpadding:0px;\r\n\tfont-size: 18px !important;\r\n\tfont-family: Open Sans !important;\r\n\tcolor:#ffffff !important;\r\n\tborder-bottom:0px !important;\r\n}\r\n\r\n#wpsm_accordion_140 .wpsm_panel-title a:focus {\r\noutline: 0px !important;\r\n}\r\n\r\n#wpsm_accordion_140 .wpsm_panel-title a:hover, #wpsm_accordion_140 .wpsm_panel-title a:focus {\r\n\tcolor:#ffffff !important;\r\n}\r\n#wpsm_accordion_140 .acc-a{\r\n\tcolor: #ffffff !important;\r\n\tbackground-color:#647330 !important;\r\n\tborder-color: #ddd;\r\n}\r\n#wpsm_accordion_140 .wpsm_panel-default > .wpsm_panel-heading{\r\n\tcolor: #ffffff !important;\r\n\tbackground-color: #647330 !important;\r\n\tborder-color: #647330 !important;\r\n\tborder-top-left-radius: 0px;\r\n\tborder-top-right-radius: 0px;\r\n}\r\n#wpsm_accordion_140 .wpsm_panel-default {\r\n\t\tborder:1px solid transparent !important;\r\n\t}\r\n#wpsm_accordion_140 {\r\n\tmargin-bottom: 20px;\r\n\toverflow: hidden;\r\n\tfloat: none;\r\n\twidth: 100%;\r\n\tdisplay: block;\r\n}\r\n#wpsm_accordion_140 .ac_title_class{\r\n\tdisplay: block;\r\n\tpadding-top: 12px;\r\n\tpadding-bottom: 12px;\r\n\tpadding-left: 15px;\r\n\tpadding-right: 15px;\r\n}\r\n#wpsm_accordion_140  .wpsm_panel {\r\n\toverflow:hidden;\r\n\t-webkit-box-shadow: 0 0px 0px rgba(0, 0, 0, .05);\r\n\tbox-shadow: 0 0px 0px rgba(0, 0, 0, .05);\r\n\t\tborder-radius: 4px;\r\n\t}\r\n#wpsm_accordion_140  .wpsm_panel + .wpsm_panel {\r\n\t\tmargin-top: 5px;\r\n\t}\r\n#wpsm_accordion_140  .wpsm_panel-body{\r\n\tbackground-color:#ffffff !important;\r\n\tcolor:#000000 !important;\r\n\tborder-top-color: #647330 !important;\r\n\tfont-size:20px !important;\r\n\tfont-family: Open Sans !important;\r\n\toverflow: hidden;\r\n\t\tborder: 2px solid #647330 !important;\r\n\t}\r\n\r\n#wpsm_accordion_140 .ac_open_cl_icon{\r\n\tbackground-color:#647330 !important;\r\n\tcolor: #ffffff !important;\r\n\tfloat:right !important;\r\n\tpadding-top: 12px !important;\r\n\tpadding-bottom: 12px !important;\r\n\tline-height: 1.0 !important;\r\n\tpadding-left: 15px !important;\r\n\tpadding-right: 15px !important;\r\n\tdisplay: inline-block !important;\r\n}\r\n\r\n\t\t\t #wpsm_accordion_140 .wpsm_panel-heading {\r\n\t\t\t\tbackground-image: url(https:\/\/bioresonanz-staufen.de\/wp-content\/plugins\/responsive-accordion-and-collapse\/img\/style-soft.png);\r\n\t\t\t\tbackground-position: 0 0;\r\n\t\t\t\tbackground-repeat: repeat-x;\r\n\t\t\t}\r\n\t\t\t#wpsm_accordion_140 .ac_open_cl_icon{\r\n\t\t\t\tbackground-image: url(https:\/\/bioresonanz-staufen.de\/wp-content\/plugins\/responsive-accordion-and-collapse\/img\/style-soft.png);\r\n\t\t\t\tbackground-position: 0 0;\r\n\t\t\t\tbackground-repeat: repeat-x;\r\n\t\t\t}\r\n\t\t\t<\/style>\t\r\n\t\t\t<\/style>\r\n\t\t\t<div class=\"wpsm_panel-group\" id=\"wpsm_accordion_140\" >\r\n\t\t\t\t\t\t\t\t\r\n\t\t\t\t\t<!-- Inner panel Start -->\r\n\t\t\t\t\t<div class=\"wpsm_panel wpsm_panel-default\">\r\n\t\t\t\t\t\t<div class=\"wpsm_panel-heading\" role=\"tab\" >\r\n\t\t\t\t\t\t  <h4 class=\"wpsm_panel-title\">\r\n\t\t\t\t\t\t\t<a  class=\"\"  data-toggle=\"collapse\" data-parent=\"#wpsm_accordion_140 \" href=\"javascript:void(0)\" data-target=\"#ac_140_collapse1\" onclick=\"do_resize()\">\r\n\t\t\t\t\t\t\t\t\t\t\t\t\t\t\t\t\t<span class=\"ac_open_cl_icon fa fa-plus\"><\/span>\r\n\t\t\t\t\t\t\t\t\t\r\n\t\t\t\t\t\t\t\t \r\n\t\t\t\t\t\t\t\t<span class=\"ac_title_class\">\r\n\t\t\t\t\t\t\t\t\t\u00dcber mich\t\t\t\t\t\t\t\t<\/span>\r\n\t\t\t\t\t\t\t<\/a>\r\n\t\t\t\t\t\t  <\/h4>\r\n\t\t\t\t\t\t<\/div>\r\n\t\t\t\t\t\t<div id=\"ac_140_collapse1\" class=\"wpsm_panel-collapse collapse \"  >\r\n\t\t\t\t\t\t  <div class=\"wpsm_panel-body\">\r\n\t\t\t\t\t\t\t<img decoding=\"async\" class=\"alignleft\" src=\"https:\/\/bioresonanz-staufen.de\/wp-content\/uploads\/2025\/07\/Sabine_Schomerus_b-scaled.jpg\" alt=\"Sabine Schomerus\" width=\"500\" \/>Meine Lebensvision ist es, Menschen auf ihrem Weg zu mehr Gesundheit und Wohlbefinden zu unterst\u00fctzen.\r\n\r\nAls Physiotherapeutin, Heilpraktikerin und Bicom\u00ae Bioresonanztherapeutin biete ich Ihnen ganzheitliche L\u00f6sungen f\u00fcr Ihre gesundheitlichen Beschwerden.<br><br>\r\n\r\n<strong>Sabine Schomerus<\/strong>\t\t\t\t\t\t  <\/div>\r\n\t\t\t\t\t\t<\/div>\r\n\t\t\t\t\t<\/div>\r\n\t\t\t\t\t<!-- Inner panel End -->\r\n\t\t\t\t\t\r\n\t\t\t\t\t\t\t\t\r\n\t\t\t\t\t<!-- Inner panel Start -->\r\n\t\t\t\t\t<div class=\"wpsm_panel wpsm_panel-default\">\r\n\t\t\t\t\t\t<div class=\"wpsm_panel-heading\" role=\"tab\" >\r\n\t\t\t\t\t\t  <h4 class=\"wpsm_panel-title\">\r\n\t\t\t\t\t\t\t<a  class=\"collapsed\"  data-toggle=\"collapse\" data-parent=\"#wpsm_accordion_140 \" href=\"javascript:void(0)\" data-target=\"#ac_140_collapse2\" onclick=\"do_resize()\">\r\n\t\t\t\t\t\t\t\t\t\t\t\t\t\t\t\t\t<span class=\"ac_open_cl_icon fa fa-plus\"><\/span>\r\n\t\t\t\t\t\t\t\t\t\r\n\t\t\t\t\t\t\t\t \r\n\t\t\t\t\t\t\t\t<span class=\"ac_title_class\">\r\n\t\t\t\t\t\t\t\t\tWie funktioniert Bioresonanztherapie?\t\t\t\t\t\t\t\t<\/span>\r\n\t\t\t\t\t\t\t<\/a>\r\n\t\t\t\t\t\t  <\/h4>\r\n\t\t\t\t\t\t<\/div>\r\n\t\t\t\t\t\t<div id=\"ac_140_collapse2\" class=\"wpsm_panel-collapse collapse \"  >\r\n\t\t\t\t\t\t  <div class=\"wpsm_panel-body\">\r\n\t\t\t\t\t\t\t<h2 class=\"wp-block-heading\">Was ist Bioresonanztherapie?<\/h2>\r\n<img decoding=\"async\" class=\"alignleft\" src=\"https:\/\/bioresonanz-staufen.de\/wp-content\/uploads\/2025\/05\/Bicom.jpg\" alt=\"Bicom optima\" width=\"500\" \/>\r\n<p>In der Bioresonanztherapie nutze ich nat\u00fcrliche physikalische Informationen. Jedes Lebewesen (jedes Organ)\u00a0 hat ein individuelles elektromagnetisches Frequenzmuster, das bei Gesundheit harmonisch schwingt, und bei Krankheit gest\u00f6rt ist.<\/p>\r\n\r\n<p>Die Bioresonanz erkennt ihre Frequenzmuster und hilft bei St\u00f6rungen diese wieder zu harmonisieren. Dadurch werden ihre Selbstheilungskr\u00e4fte aktiviert und das Gleichgewicht wieder hergestellt.<\/p>\r\n\r\n<p>Ziel ist es ihre Beschwerden zu lindern und die Heilung zu unterst\u00fctzen.<\/p>\t\t\t\t\t\t  <\/div>\r\n\t\t\t\t\t\t<\/div>\r\n\t\t\t\t\t<\/div>\r\n\t\t\t\t\t<!-- Inner panel End -->\r\n\t\t\t\t\t\r\n\t\t\t\t\t\t\t\t\r\n\t\t\t\t\t<!-- Inner panel Start -->\r\n\t\t\t\t\t<div class=\"wpsm_panel wpsm_panel-default\">\r\n\t\t\t\t\t\t<div class=\"wpsm_panel-heading\" role=\"tab\" >\r\n\t\t\t\t\t\t  <h4 class=\"wpsm_panel-title\">\r\n\t\t\t\t\t\t\t<a  class=\"collapsed\"  data-toggle=\"collapse\" data-parent=\"#wpsm_accordion_140 \" href=\"javascript:void(0)\" data-target=\"#ac_140_collapse3\" onclick=\"do_resize()\">\r\n\t\t\t\t\t\t\t\t\t\t\t\t\t\t\t\t\t<span class=\"ac_open_cl_icon fa fa-plus\"><\/span>\r\n\t\t\t\t\t\t\t\t\t\r\n\t\t\t\t\t\t\t\t \r\n\t\t\t\t\t\t\t\t<span class=\"ac_title_class\">\r\n\t\t\t\t\t\t\t\t\tWobei kann Bioresonanz helfen?\t\t\t\t\t\t\t\t<\/span>\r\n\t\t\t\t\t\t\t<\/a>\r\n\t\t\t\t\t\t  <\/h4>\r\n\t\t\t\t\t\t<\/div>\r\n\t\t\t\t\t\t<div id=\"ac_140_collapse3\" class=\"wpsm_panel-collapse collapse \"  >\r\n\t\t\t\t\t\t  <div class=\"wpsm_panel-body\">\r\n\t\t\t\t\t\t\tDie Harmonisierung ihrer k\u00f6rpereigenen Frequenzen aktiviert die Selbstheilung.<br>M\u00f6gliche Anwendungsbereiche:\r\n<ul class=\"wp-block-list\">\r\n \t<li><strong>Allergien<\/strong>: Tierhaare, Lebensmittel, Pollen<\/li>\r\n \t<li><strong>Chronische Beschwerden<\/strong>: Migr\u00e4ne, Schmerzen, Burnout<\/li>\r\n \t<li><strong>Haut<\/strong>: Neurodermitis, Psoriasis, Akne<\/li>\r\n \t<li><strong>Immunsystem<\/strong>: Infektanf\u00e4lligkeit, Abwehrst\u00e4rkung<\/li>\r\n \t<li><strong>Stress<\/strong>: Entspannung, Schlafst\u00f6rungen<\/li>\r\n \t<li><strong>Verdauung<\/strong>: Reizdarm, Verdauungsprobleme<\/li>\r\n \t<li><strong>sowie andere funktionelle Beschwerden<\/strong><\/li>\r\n<\/ul>\t\t\t\t\t\t  <\/div>\r\n\t\t\t\t\t\t<\/div>\r\n\t\t\t\t\t<\/div>\r\n\t\t\t\t\t<!-- Inner panel End -->\r\n\t\t\t\t\t\r\n\t\t\t\t\t\t\t\t\r\n\t\t\t\t\t<!-- Inner panel Start -->\r\n\t\t\t\t\t<div class=\"wpsm_panel wpsm_panel-default\">\r\n\t\t\t\t\t\t<div class=\"wpsm_panel-heading\" role=\"tab\" >\r\n\t\t\t\t\t\t  <h4 class=\"wpsm_panel-title\">\r\n\t\t\t\t\t\t\t<a  class=\"collapsed\"  data-toggle=\"collapse\" data-parent=\"#wpsm_accordion_140 \" href=\"javascript:void(0)\" data-target=\"#ac_140_collapse4\" onclick=\"do_resize()\">\r\n\t\t\t\t\t\t\t\t\t\t\t\t\t\t\t\t\t<span class=\"ac_open_cl_icon fa fa-plus\"><\/span>\r\n\t\t\t\t\t\t\t\t\t\r\n\t\t\t\t\t\t\t\t \r\n\t\t\t\t\t\t\t\t<span class=\"ac_title_class\">\r\n\t\t\t\t\t\t\t\t\tVorteile der Bioresonanz\t\t\t\t\t\t\t\t<\/span>\r\n\t\t\t\t\t\t\t<\/a>\r\n\t\t\t\t\t\t  <\/h4>\r\n\t\t\t\t\t\t<\/div>\r\n\t\t\t\t\t\t<div id=\"ac_140_collapse4\" class=\"wpsm_panel-collapse collapse \"  >\r\n\t\t\t\t\t\t  <div class=\"wpsm_panel-body\">\r\n\t\t\t\t\t\t\t<ul class=\"wp-block-list\">\r\n \t<li><strong>Sanft und nicht-invasiv<\/strong>: Keine Medikamente oder Eingriffe<\/li>\r\n \t<li><strong>Individuell abgestimmt<\/strong>: Therapie wird auf Ihre Bed\u00fcrfnisse zugeschnitten<\/li>\r\n \t<li><strong>Ganzheitlicher Ansatz<\/strong>: K\u00f6rper und Geist werden als Einheit betrachtet<\/li>\r\n \t<li><strong>Aktivierung der Selbstheilungskr\u00e4fte<\/strong>: unterst\u00fctzt Ihren K\u00f6rper bei der Regeneration <\/li>\r\n \t<li><strong>Breites Anwendungsspektrum<\/strong>: Geeignet bei Allergien, chronischen Beschwerden, Hautproblemen, Stress, Verdauungsst\u00f6rungen und mehr<\/li>\r\n \t<li><strong>Integrierbare Methode <\/strong>: Kombination mit anderen Therapieformen m\u00f6glich<\/li>\r\n \t<li><strong>Nebenwirkungsarm<\/strong>: Gut vertr\u00e4glich und schonend f\u00fcr den Organismus<\/li>\r\n \t<li><strong>F\u00f6rderung von Balance und Wohlbefinden<\/strong>: k\u00f6rperlich und seelisch<\/li>\r\n<\/ul>\t\t\t\t\t\t  <\/div>\r\n\t\t\t\t\t\t<\/div>\r\n\t\t\t\t\t<\/div>\r\n\t\t\t\t\t<!-- Inner panel End -->\r\n\t\t\t\t\t\r\n\t\t\t\t\t\t\t\t\r\n\t\t\t\t\t<!-- Inner panel Start -->\r\n\t\t\t\t\t<div class=\"wpsm_panel wpsm_panel-default\">\r\n\t\t\t\t\t\t<div class=\"wpsm_panel-heading\" role=\"tab\" >\r\n\t\t\t\t\t\t  <h4 class=\"wpsm_panel-title\">\r\n\t\t\t\t\t\t\t<a  class=\"collapsed\"  data-toggle=\"collapse\" data-parent=\"#wpsm_accordion_140 \" href=\"javascript:void(0)\" data-target=\"#ac_140_collapse5\" onclick=\"do_resize()\">\r\n\t\t\t\t\t\t\t\t\t\t\t\t\t\t\t\t\t<span class=\"ac_open_cl_icon fa fa-plus\"><\/span>\r\n\t\t\t\t\t\t\t\t\t\r\n\t\t\t\t\t\t\t\t \r\n\t\t\t\t\t\t\t\t<span class=\"ac_title_class\">\r\n\t\t\t\t\t\t\t\t\tBioresonanz zum Kennenlernen\t\t\t\t\t\t\t\t<\/span>\r\n\t\t\t\t\t\t\t<\/a>\r\n\t\t\t\t\t\t  <\/h4>\r\n\t\t\t\t\t\t<\/div>\r\n\t\t\t\t\t\t<div id=\"ac_140_collapse5\" class=\"wpsm_panel-collapse collapse \"  >\r\n\t\t\t\t\t\t  <div class=\"wpsm_panel-body\">\r\n\t\t\t\t\t\t\t<h2 class=\"wp-block-heading\">M\u00f6chten Sie die Bioresonanztherapie unverbindlich kennenlernen?<\/h2>\r\n<img decoding=\"async\" class=\"alignleft\" src=\"https:\/\/bioresonanz-staufen.de\/wp-content\/uploads\/2025\/07\/Bioresonanz-Staufen_b-scaled.jpg\" alt=\"Bicom optima\" width=\"500\" \/>\r\n<p>Ich biete Ihnen eine Ganzk\u00f6rperfrequenzanalyse (BodyBalanceCheck) an, bei der die Frequenzen Ihres K\u00f6rpers gescannt und energetische Auff\u00e4lligkeiten ermittelt werden. Anschlie\u00dfend bespreche ich die Ergebnisse mit Ihnen. Weiterhin erhalten Sie eine energetische Harmonisierungsbehandlung.<\/p>\r\n\r\n<p>Bitte beachten Sie: Dies ist keine Diagnosestellung, sondern eine Gelegenheit, einen ersten Eindruck von der Bioresonanz- Behandlung zu bekommen.<\/p>\r\n\r\n \t\t\t\t\t\t  <\/div>\r\n\t\t\t\t\t\t<\/div>\r\n\t\t\t\t\t<\/div>\r\n\t\t\t\t\t<!-- Inner panel End -->\r\n\t\t\t\t\t\r\n\t\t\t\t\t\t\t\t\r\n\t\t\t\t\t<!-- Inner panel Start -->\r\n\t\t\t\t\t<div class=\"wpsm_panel wpsm_panel-default\">\r\n\t\t\t\t\t\t<div class=\"wpsm_panel-heading\" role=\"tab\" >\r\n\t\t\t\t\t\t  <h4 class=\"wpsm_panel-title\">\r\n\t\t\t\t\t\t\t<a  class=\"collapsed\"  data-toggle=\"collapse\" data-parent=\"#wpsm_accordion_140 \" href=\"javascript:void(0)\" data-target=\"#ac_140_collapse6\" onclick=\"do_resize()\">\r\n\t\t\t\t\t\t\t\t\t\t\t\t\t\t\t\t\t<span class=\"ac_open_cl_icon fa fa-plus\"><\/span>\r\n\t\t\t\t\t\t\t\t\t\r\n\t\t\t\t\t\t\t\t \r\n\t\t\t\t\t\t\t\t<span class=\"ac_title_class\">\r\n\t\t\t\t\t\t\t\t\tPreise\t\t\t\t\t\t\t\t<\/span>\r\n\t\t\t\t\t\t\t<\/a>\r\n\t\t\t\t\t\t  <\/h4>\r\n\t\t\t\t\t\t<\/div>\r\n\t\t\t\t\t\t<div id=\"ac_140_collapse6\" class=\"wpsm_panel-collapse collapse \"  >\r\n\t\t\t\t\t\t  <div class=\"wpsm_panel-body\">\r\n\t\t\t\t\t\t\t<table border=\"0\" width=\"300\" cellspacing=\"0\">\r\n<tbody>\r\n<tr>\r\n<td colspan=\"2\"><strong><u>Bioresonanztherapie:<\/u><\/strong><\/td>\r\n<\/tr>\r\n<tr>\r\n<td width=\"183\">Bioresonanz zum Kennenlernen<\/td>\r\n<td width=\"100\">59 \u20ac<\/td>\r\n<\/tr>\r\n<tr>\r\n<td width=\"183\">Ersttermin: Diagnose und Beratung<\/td>\r\n<td width=\"100\">160 \u20ac<\/td>\r\n<\/tr>\r\n<tr>\r\n<td width=\"183\">Folgebehandlung (60 Min.)<\/td>\r\n<td width=\"100\">97 \u20ac<\/td>\r\n<\/tr>\r\n<tr>\r\n<td width=\"183\">Folgebehandlung (30\u00a0 Min.)<\/td>\r\n<td width=\"100\">49 \u20ac<\/td>\r\n<\/tr>\r\n<tr>\r\n<td colspan=\"2\"><strong><u>Heilpraktikerbehandlung:<\/u><\/strong><\/td>\r\n<\/tr>\r\n<tr>\r\n<td width=\"183\">Ersttermin: Befund, Beratung + Behandlung<\/td>\r\n<td width=\"100\">100 \u20ac<\/td>\r\n<\/tr>\r\n<tr>\r\n<td width=\"183\">Folgebehandlung (je nach Zeit)<\/td>\r\n<td width=\"100\">50-100 \u20ac<\/td>\r\n<\/tr>\r\n<tr>\r\n<td colspan=\"2\"><strong><u>Physiotherapie:<\/u><\/strong><\/td>\r\n<\/tr>\r\n<tr>\r\n<td width=\"183\">Ersttermin: Befund, Beratung + Behandlung<\/td>\r\n<td width=\"100\">100 \u20ac<\/td>\r\n<\/tr>\r\n<tr>\r\n<td width=\"183\">Physiotherapeutische Behandlung\u00a0 (30 Min.)<\/td>\r\n<td width=\"100\">50 \u20ac<\/td>\r\n<\/tr>\r\n<tr>\r\n<td colspan=\"2\"><strong><u>Energetische K\u00f6rper- Balance- Behandlung:<\/u><\/strong><\/td>\r\n<\/tr>\r\n<tr>\r\n<td width=\"183\">Hei\u00dfe Rolle + Massage (30 Min.)<\/td>\r\n<td width=\"100\">50 \u20ac<\/td>\r\n<\/tr>\r\n<tr>\r\n<td width=\"183\">Hei\u00dfe Rolle + Massage + Nackenbehandlung (45 Min.)<\/td>\r\n<td width=\"100\">70 \u20ac<\/td>\r\n<\/tr>\r\n<\/tbody>\r\n<\/table>\t\t\t\t\t\t  <\/div>\r\n\t\t\t\t\t\t<\/div>\r\n\t\t\t\t\t<\/div>\r\n\t\t\t\t\t<!-- Inner panel End -->\r\n\t\t\t\t\t\r\n\t\t\t\t\t\t\t<\/div>\r\n\t\t\t\r\n<script type=\"text\/javascript\">\r\n\t\r\n\t\tfunction do_resize(){\r\n\r\n\t\t\tvar width=jQuery( '.wpsm_panel .wpsm_panel-body iframe' ).width();\r\n\t\t\tvar height=jQuery( '.wpsm_panel .wpsm_panel-body iframe' ).height();\r\n\r\n\t\t\tvar toggleSize = true;\r\n\t\t\tjQuery('iframe').animate({\r\n\t\t\t    width: toggleSize ? width : 640,\r\n\t\t\t    height: toggleSize ? height : 360\r\n\t\t\t  }, 250);\r\n\r\n\t\t\t  toggleSize = !toggleSize;\r\n\t\t}\r\n\t\t\r\n<\/script>\t\n<\/div>\n<\/div>\n","protected":false},"excerpt":{"rendered":"<p>Mit der Bioresonanztherapie behandle ich gezielt u.a. Allergien, Heuschnupfen, Darmerkrankungen, Nahrungsmittelunvertr\u00e4glichkeiten und Ersch\u00f6pfungszust\u00e4nde. Ich unterst\u00fctze die Regeneration Ihres K\u00f6rpers, f\u00f6rdere Ihre Gesundheit und st\u00e4rke Ihr Wohlbefinden nachhaltig.<\/p>\n","protected":false},"author":1,"featured_media":0,"parent":0,"menu_order":0,"comment_status":"closed","ping_status":"closed","template":"","meta":{"ocean_post_layout":"full-width","ocean_both_sidebars_style":"","ocean_both_sidebars_content_width":0,"ocean_both_sidebars_sidebars_width":0,"ocean_sidebar":"","ocean_second_sidebar":"","ocean_disable_margins":"enable","ocean_add_body_class":"","ocean_shortcode_before_top_bar":"","ocean_shortcode_after_top_bar":"","ocean_shortcode_before_header":"","ocean_shortcode_after_header":"","ocean_has_shortcode":"","ocean_shortcode_after_title":"","ocean_shortcode_before_footer_widgets":"","ocean_shortcode_after_footer_widgets":"","ocean_shortcode_before_footer_bottom":"","ocean_shortcode_after_footer_bottom":"","ocean_display_top_bar":"default","ocean_display_header":"default","ocean_header_style":"","ocean_center_header_left_menu":"","ocean_custom_header_template":"","ocean_custom_logo":0,"ocean_custom_retina_logo":0,"ocean_custom_logo_max_width":0,"ocean_custom_logo_tablet_max_width":0,"ocean_custom_logo_mobile_max_width":0,"ocean_custom_logo_max_height":0,"ocean_custom_logo_tablet_max_height":0,"ocean_custom_logo_mobile_max_height":0,"ocean_header_custom_menu":"","ocean_menu_typo_font_family":"","ocean_menu_typo_font_subset":"","ocean_menu_typo_font_size":0,"ocean_menu_typo_font_size_tablet":0,"ocean_menu_typo_font_size_mobile":0,"ocean_menu_typo_font_size_unit":"px","ocean_menu_typo_font_weight":"","ocean_menu_typo_font_weight_tablet":"","ocean_menu_typo_font_weight_mobile":"","ocean_menu_typo_transform":"","ocean_menu_typo_transform_tablet":"","ocean_menu_typo_transform_mobile":"","ocean_menu_typo_line_height":0,"ocean_menu_typo_line_height_tablet":0,"ocean_menu_typo_line_height_mobile":0,"ocean_menu_typo_line_height_unit":"","ocean_menu_typo_spacing":0,"ocean_menu_typo_spacing_tablet":0,"ocean_menu_typo_spacing_mobile":0,"ocean_menu_typo_spacing_unit":"","ocean_menu_link_color":"","ocean_menu_link_color_hover":"","ocean_menu_link_color_active":"","ocean_menu_link_background":"","ocean_menu_link_hover_background":"","ocean_menu_link_active_background":"","ocean_menu_social_links_bg":"","ocean_menu_social_hover_links_bg":"","ocean_menu_social_links_color":"","ocean_menu_social_hover_links_color":"","ocean_disable_title":"default","ocean_disable_heading":"default","ocean_post_title":"","ocean_post_subheading":"","ocean_post_title_style":"","ocean_post_title_background_color":"","ocean_post_title_background":0,"ocean_post_title_bg_image_position":"","ocean_post_title_bg_image_attachment":"","ocean_post_title_bg_image_repeat":"","ocean_post_title_bg_image_size":"","ocean_post_title_height":0,"ocean_post_title_bg_overlay":0.5,"ocean_post_title_bg_overlay_color":"","ocean_disable_breadcrumbs":"default","ocean_breadcrumbs_color":"","ocean_breadcrumbs_separator_color":"","ocean_breadcrumbs_links_color":"","ocean_breadcrumbs_links_hover_color":"","ocean_display_footer_widgets":"default","ocean_display_footer_bottom":"default","ocean_custom_footer_template":"","ofc_meta_disable_footer_callout":"","ofc_meta_callout_button_url":"","ofc_meta_callout_button_txt":"","ofc_meta_callout_text":"","osh_disable_topbar_sticky":"default","osh_disable_header_sticky":"default","osh_sticky_header_style":"default","osh_sticky_header_effect":"","osh_custom_sticky_logo":0,"osh_custom_retina_sticky_logo":0,"osh_custom_sticky_logo_height":0,"osh_background_color":"","osh_links_color":"","osh_links_hover_color":"","osh_links_active_color":"","osh_links_bg_color":"","osh_links_hover_bg_color":"","osh_links_active_bg_color":"","osh_menu_social_links_color":"","osh_menu_social_hover_links_color":"","footnotes":""},"class_list":["post-2","page","type-page","status-publish","hentry","entry"],"_links":{"self":[{"href":"https:\/\/bioresonanz-staufen.de\/index.php?rest_route=\/wp\/v2\/pages\/2","targetHints":{"allow":["GET"]}}],"collection":[{"href":"https:\/\/bioresonanz-staufen.de\/index.php?rest_route=\/wp\/v2\/pages"}],"about":[{"href":"https:\/\/bioresonanz-staufen.de\/index.php?rest_route=\/wp\/v2\/types\/page"}],"author":[{"embeddable":true,"href":"https:\/\/bioresonanz-staufen.de\/index.php?rest_route=\/wp\/v2\/users\/1"}],"replies":[{"embeddable":true,"href":"https:\/\/bioresonanz-staufen.de\/index.php?rest_route=%2Fwp%2Fv2%2Fcomments&post=2"}],"version-history":[{"count":35,"href":"https:\/\/bioresonanz-staufen.de\/index.php?rest_route=\/wp\/v2\/pages\/2\/revisions"}],"predecessor-version":[{"id":336,"href":"https:\/\/bioresonanz-staufen.de\/index.php?rest_route=\/wp\/v2\/pages\/2\/revisions\/336"}],"wp:attachment":[{"href":"https:\/\/bioresonanz-staufen.de\/index.php?rest_route=%2Fwp%2Fv2%2Fmedia&parent=2"}],"curies":[{"name":"wp","href":"https:\/\/api.w.org\/{rel}","templated":true}]}}